{"id":110,"date":"2024-04-01T14:29:07","date_gmt":"2024-04-01T12:29:07","guid":{"rendered":"https:\/\/toutsurmoncpf.com\/?page_id=110"},"modified":"2025-11-07T15:50:38","modified_gmt":"2025-11-07T14:50:38","slug":"les-actualites-du-cpf","status":"publish","type":"page","link":"https:\/\/toutsurmoncpf.com\/?page_id=110","title":{"rendered":"Les actualit\u00e9s du CPF"},"content":{"rendered":"\t\t<div data-elementor-type=\"wp-page\" data-elementor-id=\"110\" class=\"elementor elementor-110\">\n\t\t\t\t\t\t<section class=\"elementor-section elementor-top-section elementor-element elementor-element-770a0691 elementor-section-boxed elementor-section-height-default elementor-section-height-default\" data-id=\"770a0691\" data-element_type=\"section\">\n\t\t\t\t\t\t<div class=\"elementor-container elementor-column-gap-default\">\n\t\t\t\t\t<div class=\"elementor-column elementor-col-100 elementor-top-column elementor-element elementor-element-6756f31\" data-id=\"6756f31\" data-element_type=\"column\">\n\t\t\t<div class=\"elementor-widget-wrap elementor-element-populated\">\n\t\t\t\t\t\t<div class=\"elementor-element elementor-element-488a36a0 elementor-widget elementor-widget-text-editor\" data-id=\"488a36a0\" data-element_type=\"widget\" data-widget_type=\"text-editor.default\">\n\t\t\t\t<div class=\"elementor-widget-container\">\n\t\t\t\t\t\t\t\t\t\n<h2 class=\"wp-block-heading\">Toutes les nouveaut\u00e9s utiles sur le compte de formation (CPF)<\/h2>\n\n\n\n\n\n<p><\/p>\n\t\t\t\t\t\t\t\t<\/div>\n\t\t\t\t<\/div>\n\t\t\t\t\t<\/div>\n\t\t<\/div>\n\t\t\t\t\t<\/div>\n\t\t<\/section>\n\t\t\t\t<section class=\"elementor-section elementor-top-section elementor-element elementor-element-28f48d2 elementor-section-boxed elementor-section-height-default elementor-section-height-default\" data-id=\"28f48d2\" data-element_type=\"section\">\n\t\t\t\t\t\t<div class=\"elementor-container elementor-column-gap-default\">\n\t\t\t\t\t<div class=\"elementor-column elementor-col-100 elementor-top-column elementor-element elementor-element-14ebf8c\" data-id=\"14ebf8c\" data-element_type=\"column\">\n\t\t\t<div class=\"elementor-widget-wrap elementor-element-populated\">\n\t\t\t\t\t\t<div class=\"elementor-element elementor-element-83c0956 elementor-widget elementor-widget-html\" data-id=\"83c0956\" data-element_type=\"widget\" data-widget_type=\"html.default\">\n\t\t\t\t<div class=\"elementor-widget-container\">\n\t\t\t\t\t<div class=\"wp-rss-template-container\" data-wpra-template=\"default\" data-template-ctx=\"W10=\">\n    <div class=\"wp-rss-aggregator wpra-list-template  \" data-page=\"1\">\n    \n    \n<ul class=\"wpra-item-list rss-aggregator wpra-item-list--bullets wpra-item-list--default\"\n    start=\"1\">\n                        <li class=\"wpra-item feed-item \">\n            \n            \n\n    <a  href=\"https:\/\/www.svp.com\/actualite\/formation-professionnelle-et-cpf-le-point-sur-les-textes-adoptes-en-2026\" target=\"_blank\" rel=\"nofollow\" class=\"\">Formation professionnelle et <b>CPF<\/b> : le point sur les textes adopt\u00e9s en 2026 - SVP<\/a>\n\n\n\n\n\n\n<div class=\"wprss-feed-meta\">\n            <span class=\"feed-source\">\n            Source:\n\n                            Google Alert - cpf\n                    <\/span>\n    \n            <span class=\"feed-date\">\n            Published on 2026-04-16\n        <\/span>\n    \n    <\/div>\n\n\n\n\n\n            \n        <\/li>\n                    <li class=\"wpra-item feed-item \">\n            \n            \n\n    <a  href=\"https:\/\/www.generali.fr\/actu\/financer-permis-conduire-auto-cpf\/\" target=\"_blank\" rel=\"nofollow\" class=\"\">Permis de conduire : peut-on le financer via le <b>CPF<\/b> en 2026 ? - Generali<\/a>\n\n\n\n\n\n\n<div class=\"wprss-feed-meta\">\n            <span class=\"feed-source\">\n            Source:\n\n                            Google Alert - cpf\n                    <\/span>\n    \n            <span class=\"feed-date\">\n            Published on 2026-04-15\n        <\/span>\n    \n    <\/div>\n\n\n\n\n\n            \n        <\/li>\n                    <li class=\"wpra-item feed-item \">\n            \n            \n\n    <a  href=\"https:\/\/www.lhotellerie-restauration.fr\/sos-experts\/compte-personnel-formation-la-participation-obligatoire-passe-a-150-pour-2026\" target=\"_blank\" rel=\"nofollow\" class=\"\">Compte personnel formation : la participation obligatoire passe \u00e0 150 \u20ac en 2026<\/a>\n\n\n\n\n\n\n<div class=\"wprss-feed-meta\">\n            <span class=\"feed-source\">\n            Source:\n\n                            Google Alert - cpf\n                    <\/span>\n    \n            <span class=\"feed-date\">\n            Published on 2026-04-15\n        <\/span>\n    \n    <\/div>\n\n\n\n\n\n            \n        <\/li>\n                    <li class=\"wpra-item feed-item \">\n            \n            \n\n    <a  href=\"https:\/\/www.youtube.com\/watch?v=19CoJEtfYNs\" target=\"_blank\" rel=\"nofollow\" class=\"\">Permis, formations : le <b>CPF<\/b> r\u00e9duit de moiti\u00e9, des projets frein\u00e9s - YouTube<\/a>\n\n\n\n\n\n\n<div class=\"wprss-feed-meta\">\n            <span class=\"feed-source\">\n            Source:\n\n                            Google Alert - cpf\n                    <\/span>\n    \n            <span class=\"feed-date\">\n            Published on 2026-04-15\n        <\/span>\n    \n    <\/div>\n\n\n\n\n\n            \n        <\/li>\n                    <li class=\"wpra-item feed-item \">\n            \n            \n\n    <a  href=\"https:\/\/www.weka.fr\/actualite\/deroulement-de-carriere\/breve_juridique\/hausse-de-la-participation-au-compte-personnel-de-formation-cpf-212967\/\" target=\"_blank\" rel=\"nofollow\" class=\"\">Hausse de la participation au compte personnel de formation (<b>CPF<\/b>) - WEKA<\/a>\n\n\n\n\n\n\n<div class=\"wprss-feed-meta\">\n            <span class=\"feed-source\">\n            Source:\n\n                            Google Alert - cpf\n                    <\/span>\n    \n            <span class=\"feed-date\">\n            Published on 2026-04-15\n        <\/span>\n    \n    <\/div>\n\n\n\n\n\n            \n        <\/li>\n                    <li class=\"wpra-item feed-item \">\n            \n            \n\n    <a  href=\"http:\/\/www.msn.com\/fr-fr\/finance\/autres\/cpf-une-fois-le-plafond-de-5-000-euros-atteint-o\u00f9-va-votre-argent\/ar-AA1ZvHIs?ocid=finance-verthp-feeds\" target=\"_blank\" rel=\"nofollow\" class=\"\"><b>CPF<\/b> : une fois le plafond de 5 000 euros atteint, o\u00f9 va votre argent ? - MSN<\/a>\n\n\n\n\n\n\n<div class=\"wprss-feed-meta\">\n            <span class=\"feed-source\">\n            Source:\n\n                            Google Alert - cpf\n                    <\/span>\n    \n            <span class=\"feed-date\">\n            Published on 2026-04-14\n        <\/span>\n    \n    <\/div>\n\n\n\n\n\n            \n        <\/li>\n                    <li class=\"wpra-item feed-item \">\n            \n            \n\n    <a  href=\"https:\/\/www.alternatives-economiques.fr\/sandrine-foulon\/cpf-il-ny-a-plus-de-pilote-dans-lavion\/00118274\" target=\"_blank\" rel=\"nofollow\" class=\"\"><b>CPF<\/b> : il n'y a plus de pilote dans l'avion | Alternatives Economiques<\/a>\n\n\n\n\n\n\n<div class=\"wprss-feed-meta\">\n            <span class=\"feed-source\">\n            Source:\n\n                            Google Alert - cpf\n                    <\/span>\n    \n            <span class=\"feed-date\">\n            Published on 2026-04-14\n        <\/span>\n    \n    <\/div>\n\n\n\n\n\n            \n        <\/li>\n                    <li class=\"wpra-item feed-item \">\n            \n            \n\n    <a  href=\"https:\/\/www.centre-inffo.fr\/site-droit-formation\/actualites-droit\/cpf-mention-des-frais-dexamen-dans-le-devis\" target=\"_blank\" rel=\"nofollow\" class=\"\"><b>CPF<\/b> : mention des frais d'examen dans le devis - Centre Inffo<\/a>\n\n\n\n\n\n\n<div class=\"wprss-feed-meta\">\n            <span class=\"feed-source\">\n            Source:\n\n                            Google Alert - cpf\n                    <\/span>\n    \n            <span class=\"feed-date\">\n            Published on 2026-04-14\n        <\/span>\n    \n    <\/div>\n\n\n\n\n\n            \n        <\/li>\n                    <li class=\"wpra-item feed-item \">\n            \n            \n\n    <a  href=\"https:\/\/www.journaldesaintbarth.com\/actualites\/vie-locale\/un-accompagnement-a-la-vae-a-la-cem-202604092014.html\" target=\"_blank\" rel=\"nofollow\" class=\"\">Un accompagnement \u00e0 la VAE \u00e0 la Cem - Le Journal de Saint-Barth<\/a>\n\n\n\n\n\n\n<div class=\"wprss-feed-meta\">\n            <span class=\"feed-source\">\n            Source:\n\n                            Google Alert - cpf\n                    <\/span>\n    \n            <span class=\"feed-date\">\n            Published on 2026-04-13\n        <\/span>\n    \n    <\/div>\n\n\n\n\n\n            \n        <\/li>\n                    <li class=\"wpra-item feed-item \">\n            \n            \n\n    <a  href=\"https:\/\/www.aefinfo.fr\/depeche\/748707-le-centre-val-de-loire-signe-la-1re-convention-dabondement-cpf-avec-la-caisse-des-depots-sur-la-vae-pour-les-chomeurs\" target=\"_blank\" rel=\"nofollow\" class=\"\">Le Centre-Val de Loire signe la 1re convention d'abondement <b>CPF<\/b> avec la Caisse des ... - AEF info<\/a>\n\n\n\n\n\n\n<div class=\"wprss-feed-meta\">\n            <span class=\"feed-source\">\n            Source:\n\n                            Google Alert - cpf\n                    <\/span>\n    \n            <span class=\"feed-date\">\n            Published on 2026-04-13\n        <\/span>\n    \n    <\/div>\n\n\n\n\n\n            \n        <\/li>\n                    <li class=\"wpra-item feed-item \">\n            \n            \n\n    <a  href=\"https:\/\/cpformation.com\/quand-le-catalogue-opco-devient-une-cage-le-vrai-cout-du-gratuit-en-formation\/\" target=\"_blank\" rel=\"nofollow\" class=\"\">Quand le catalogue OPCO devient une cage : le vrai cout du gratuit en formation<\/a>\n\n\n\n\n\n\n<div class=\"wprss-feed-meta\">\n            <span class=\"feed-source\">\n            Source:\n\n                            Google Alert - cpf\n                    <\/span>\n    \n            <span class=\"feed-date\">\n            Published on 2026-04-13\n        <\/span>\n    \n    <\/div>\n\n\n\n\n\n            \n        <\/li>\n                    <li class=\"wpra-item feed-item \">\n            \n            \n\n    <a  href=\"https:\/\/www.flashfm.fr\/ne-laissez-pas-votre-cpf-dormir-transformez-le-en-opportunite\" target=\"_blank\" rel=\"nofollow\" class=\"\">Ne laissez pas votre <b>CPF<\/b> dormir : transformez-le en opportunit\u00e9 ! - Flash FM<\/a>\n\n\n\n\n\n\n<div class=\"wprss-feed-meta\">\n            <span class=\"feed-source\">\n            Source:\n\n                            Google Alert - cpf\n                    <\/span>\n    \n            <span class=\"feed-date\">\n            Published on 2026-04-13\n        <\/span>\n    \n    <\/div>\n\n\n\n\n\n            \n        <\/li>\n                    <li class=\"wpra-item feed-item \">\n            \n            \n\n    <a  href=\"https:\/\/www.blogdumoderateur.com\/selection-formation-data-298\/\" target=\"_blank\" rel=\"nofollow\" class=\"\">5 formations en ligne pour ma\u00eetriser la data - BDM<\/a>\n\n\n\n\n\n\n<div class=\"wprss-feed-meta\">\n            <span class=\"feed-source\">\n            Source:\n\n                            Google Alert - cpf\n                    <\/span>\n    \n            <span class=\"feed-date\">\n            Published on 2026-04-13\n        <\/span>\n    \n    <\/div>\n\n\n\n\n\n            \n        <\/li>\n                    <li class=\"wpra-item feed-item \">\n            \n            \n\n    <a  href=\"https:\/\/stephanelarue.com\/rupture-conventionnelle-2026-indemnites-et-demarches\/\" target=\"_blank\" rel=\"nofollow\" class=\"\">Rupture conventionnelle 2026 : indemnit\u00e9s et d\u00e9marches - St\u00e9phane Larue<\/a>\n\n\n\n\n\n\n<div class=\"wprss-feed-meta\">\n            <span class=\"feed-source\">\n            Source:\n\n                            Google Alert - cpf\n                    <\/span>\n    \n            <span class=\"feed-date\">\n            Published on 2026-04-12\n        <\/span>\n    \n    <\/div>\n\n\n\n\n\n            \n        <\/li>\n                    <li class=\"wpra-item feed-item \">\n            \n            \n\n    <a  href=\"https:\/\/stephanelarue.com\/moodys-note-france-maintenue-en-negatif\/\" target=\"_blank\" rel=\"nofollow\" class=\"\">Moody's : note France maintenue, en n\u00e9gatif - St\u00e9phane Larue<\/a>\n\n\n\n\n\n\n<div class=\"wprss-feed-meta\">\n            <span class=\"feed-source\">\n            Source:\n\n                            Google Alert - cpf\n                    <\/span>\n    \n            <span class=\"feed-date\">\n            Published on 2026-04-11\n        <\/span>\n    \n    <\/div>\n\n\n\n\n\n            \n        <\/li>\n        <\/ul>\n\n        \n<\/div>\n\n<\/div>\n\t\t\t\t<\/div>\n\t\t\t\t<\/div>\n\t\t\t\t\t<\/div>\n\t\t<\/div>\n\t\t\t\t\t<\/div>\n\t\t<\/section>\n\t\t\t\t<\/div>\n\t\t","protected":false},"excerpt":{"rendered":"<p>Toutes les nouveaut\u00e9s utiles sur le compte de formation (CPF)<\/p>\n","protected":false},"author":1,"featured_media":0,"parent":0,"menu_order":0,"comment_status":"closed","ping_status":"closed","template":"","meta":{"om_disable_all_campaigns":false,"_monsterinsights_skip_tracking":false,"_monsterinsights_sitenote_active":false,"_monsterinsights_sitenote_note":"","_monsterinsights_sitenote_category":0,"footnotes":""},"class_list":["post-110","page","type-page","status-publish"],"aioseo_notices":[],"_hostinger_reach_plugin_has_subscription_block":false,"_hostinger_reach_plugin_is_elementor":false,"_links":{"self":[{"href":"https:\/\/toutsurmoncpf.com\/index.php?rest_route=\/wp\/v2\/pages\/110","targetHints":{"allow":["GET"]}}],"collection":[{"href":"https:\/\/toutsurmoncpf.com\/index.php?rest_route=\/wp\/v2\/pages"}],"about":[{"href":"https:\/\/toutsurmoncpf.com\/index.php?rest_route=\/wp\/v2\/types\/page"}],"author":[{"embeddable":true,"href":"https:\/\/toutsurmoncpf.com\/index.php?rest_route=\/wp\/v2\/users\/1"}],"replies":[{"embeddable":true,"href":"https:\/\/toutsurmoncpf.com\/index.php?rest_route=%2Fwp%2Fv2%2Fcomments&post=110"}],"version-history":[{"count":15,"href":"https:\/\/toutsurmoncpf.com\/index.php?rest_route=\/wp\/v2\/pages\/110\/revisions"}],"predecessor-version":[{"id":133,"href":"https:\/\/toutsurmoncpf.com\/index.php?rest_route=\/wp\/v2\/pages\/110\/revisions\/133"}],"wp:attachment":[{"href":"https:\/\/toutsurmoncpf.com\/index.php?rest_route=%2Fwp%2Fv2%2Fmedia&parent=110"}],"curies":[{"name":"wp","href":"https:\/\/api.w.org\/{rel}","templated":true}]}}